{"id":2,"date":"2012-04-15T10:23:02","date_gmt":"2012-04-15T10:23:02","guid":{"rendered":"http:\/\/www.manuelabergamin.ch\/?page_id=2"},"modified":"2026-01-08T14:19:18","modified_gmt":"2026-01-08T13:19:18","slug":"page-d-exemple","status":"publish","type":"page","link":"https:\/\/www.manuelabergamin.ch\/?page_id=2","title":{"rendered":"Kin\u00e9siologie"},"content":{"rendered":"<p style=\"font-size: 18px; text-transform: uppercase; font-weight: bold; color: #680885;\"><a href=\"https:\/\/www.manuelabergamin.ch\/wp-content\/uploads\/2012\/04\/kinesio.png\"><img loading=\"lazy\" decoding=\"async\" class=\"aligncenter size-full wp-image-229\" title=\"kinesio\" src=\"https:\/\/www.manuelabergamin.ch\/wp-content\/uploads\/2012\/04\/kinesio.png\" alt=\"\" width=\"191\" height=\"31\" \/><\/a><\/p>\n<p><span style=\"font-family: trebuchet ms,geneva;\">La kin\u00e9siologie est le fruit n\u00e9 des sciences orientales et des connaissances de la physiologie occidentale et des neuro-sciences. Son efficacit\u00e9 r\u00e9side, entre autres, dans l\u2019utilisation des tests musculaires nous ouvrant l\u2019acc\u00e8s\u00a0 \u00e0 nos corps physique, mental, \u00e9motionnel et spirituel.<\/span><\/p>\n<p><span style=\"font-family: trebuchet ms,geneva;\">Le corps et le subconscient gardent en m\u00e9moire les stress non r\u00e9solus cr\u00e9ant des limitations \u00e0 diff\u00e9rents niveaux\u00a0 et nuisant \u00e0 notre qualit\u00e9 de vie; qu\u2019il s\u2019agisse de probl\u00e8mes conscients ou non, gr\u00e2ce aux tests musculaires les d\u00e9s\u00e9quilibres sont ais\u00e9ment rep\u00e9r\u00e9s, permettant ensuite d\u2019\u00e9tablir diverses corrections afin de retrouver son potentiel de gu\u00e9rison et d\u2019\u00e9panouissement.<\/span><\/p>\n<p><span style=\"font-family: trebuchet ms,geneva;\">La kin\u00e9siologie tient compte du rythme, des croyances et du mode de vie de chaque individu, respectant totalement la particularit\u00e9 de chacun. Elle instaure un dialogue verbal et non-verbal dans un climat de confiance et d\u2019ouverture.<br \/>Elle permet de retrouver un vrai choix l\u00e0 o\u00f9 l\u2019on n\u2019en percevait plus. Les corrections \u00e9nerg\u00e9tiques et le soutien th\u00e9rapeutique nous permettent d\u2019\u00eatre\u00a0 plus cr\u00e9atif, plus libre et d\u2019agir avec davantage de conscience.<\/span><\/p>\n<p><span style=\"font-family: trebuchet ms,geneva;\">La kin\u00e9siologie s\u2019applique \u00e0 tous les \u00e2ges, du nourrisson (on utilisera alors un des parents pour le transfert du test musculaire) \u00e0 l\u2019\u00e2ge d\u2019or, son spectre d\u2019action \u00e9tant extr\u00eamement large et vari\u00e9.<\/span><\/p>\n<p><span style=\"font-family: trebuchet ms,geneva;\">La kin\u00e9siologie ne se substitue pas \u00e0 un traitement m\u00e9dical\u00a0; elle peut en \u00eatre un compl\u00e9ment id\u00e9al.<\/span><\/p>\n\n\n<figure class=\"wp-block-image size-full is-resized\"><a href=\"https:\/\/www.manuelabergamin.ch\/wp-content\/uploads\/2012\/06\/bienfaits1.png\"><img loading=\"lazy\" decoding=\"async\" width=\"452\" height=\"38\" src=\"https:\/\/www.manuelabergamin.ch\/wp-content\/uploads\/2012\/06\/bienfaits1.png\" alt=\"\" class=\"wp-image-246\" style=\"width:393px;height:auto\" srcset=\"https:\/\/www.manuelabergamin.ch\/wp-content\/uploads\/2012\/06\/bienfaits1.png 452w, https:\/\/www.manuelabergamin.ch\/wp-content\/uploads\/2012\/06\/bienfaits1-300x25.png 300w\" sizes=\"auto, (max-width: 452px) 100vw, 452px\" \/><\/a><\/figure>\n\n\n\n<p>Am\u00e9liorer ses capacit\u00e9s d\u2019apprentissage, qu\u2019elles soient dues \u00e0 un manque de concentration ou d\u2019organisation, une perte de motivation ou de m\u00e9moire, des difficult\u00e9s de compr\u00e9hension, de coordination, de dyslexie ou le trac.<br>Dans des disciplines vari\u00e9es : \u00e9tudes, sport, musique<\/p>\n\n\n\n<p>Lib\u00e9rer les traumas physiques et psycho-\u00e9motionnels par diff\u00e9rents outils issus de la kin\u00e9siologie et de l\u2019EMDR<\/p>\n\n\n\n<p>Soutien et remise sur pied apr\u00e8s une situation de mobbing ou harc\u00e8lement<\/p>\n\n\n\n<p>Soulager les troubles provenant d\u2019origines vari\u00e9es : allergies, angoisses, d\u00e9pendances, douleurs physiques diverses<\/p>\n\n\n\n<p>R\u00e9cup\u00e9rer plus facilement apr\u00e8s une intervention chirurgicale, un accident ou un accouchement<\/p>\n\n\n\n<p>Aider \u00e0 clarifier, choisir, d\u00e9cider, agir pendant un changement d\u2019orientation de vie<\/p>\n\n\n\n<p>Faciliter l\u2019acc\u00e8s \u00e0 son plein potentiel, prendre conscience des auto-sabotages ou autres blocages inconscients<\/p>\n\n\n\n<p>Apprendre \u00e0 mieux g\u00e9rer le stress et am\u00e9liorer sa vie personnelle, sociale et relationnelle<\/p>\n\n\n\n<p>Retrouver tonus, vitalit\u00e9 et joie de vivre<\/p>\n\n\n\n<p class=\"has-text-align-center\"><\/p>\n\n\n\n<figure class=\"wp-block-table\"><table class=\"has-fixed-layout\"><tbody><tr><td><strong>Manuela Bergamin \u2022 rue \u00a0du \u00a0Concert \u00a04 \u2022 2000 Neuch\u00e2tel \u2022 078\u00a0 860 20 97 \u2022 <\/strong><a href=\"mailto:manuela@manuelabergamin.ch\">manuela@manuelabergamin.ch<\/a><\/td><\/tr><\/tbody><\/table><\/figure>\n\n\n\n<p><\/p>\n","protected":false},"excerpt":{"rendered":"<p>La kin\u00e9siologie est le fruit n\u00e9 des sciences orientales et des connaissances de la physiologie occidentale et des neuro-sciences. Son efficacit\u00e9 r\u00e9side, entre autres, dans l\u2019utilisation des tests musculaires nous ouvrant l\u2019acc\u00e8s\u00a0 \u00e0 nos corps physique, mental, \u00e9motionnel et spirituel. &hellip; <a class=\"more-link\" href=\"https:\/\/www.manuelabergamin.ch\/?page_id=2\">Lire la suite <span class=\"meta-nav\">&rarr;<\/span><\/a><\/p>\n","protected":false},"author":1,"featured_media":0,"parent":0,"menu_order":0,"comment_status":"closed","ping_status":"closed","template":"","meta":{"footnotes":""},"class_list":["post-2","page","type-page","status-publish","hentry"],"_links":{"self":[{"href":"https:\/\/www.manuelabergamin.ch\/index.php?rest_route=\/wp\/v2\/pages\/2","targetHints":{"allow":["GET"]}}],"collection":[{"href":"https:\/\/www.manuelabergamin.ch\/index.php?rest_route=\/wp\/v2\/pages"}],"about":[{"href":"https:\/\/www.manuelabergamin.ch\/index.php?rest_route=\/wp\/v2\/types\/page"}],"author":[{"embeddable":true,"href":"https:\/\/www.manuelabergamin.ch\/index.php?rest_route=\/wp\/v2\/users\/1"}],"replies":[{"embeddable":true,"href":"https:\/\/www.manuelabergamin.ch\/index.php?rest_route=%2Fwp%2Fv2%2Fcomments&post=2"}],"version-history":[{"count":28,"href":"https:\/\/www.manuelabergamin.ch\/index.php?rest_route=\/wp\/v2\/pages\/2\/revisions"}],"predecessor-version":[{"id":996,"href":"https:\/\/www.manuelabergamin.ch\/index.php?rest_route=\/wp\/v2\/pages\/2\/revisions\/996"}],"wp:attachment":[{"href":"https:\/\/www.manuelabergamin.ch\/index.php?rest_route=%2Fwp%2Fv2%2Fmedia&parent=2"}],"curies":[{"name":"wp","href":"https:\/\/api.w.org\/{rel}","templated":true}]}}