{"id":36,"date":"2012-06-12T13:42:30","date_gmt":"2012-06-12T13:42:30","guid":{"rendered":"http:\/\/www.manuelabergamin.ch\/?page_id=36"},"modified":"2022-11-02T21:16:39","modified_gmt":"2022-11-02T20:16:39","slug":"physiologie-appliquee-a-p","status":"publish","type":"page","link":"https:\/\/www.manuelabergamin.ch\/?page_id=36","title":{"rendered":"Physiologie Appliqu\u00e9e"},"content":{"rendered":"<p style=\"text-align: left;\" align=\"center\"><a href=\"https:\/\/www.manuelabergamin.ch\/wp-content\/uploads\/2012\/06\/physioapp.png\"><img loading=\"lazy\" decoding=\"async\" class=\"aligncenter size-full wp-image-239\" title=\"physioapp\" src=\"https:\/\/www.manuelabergamin.ch\/wp-content\/uploads\/2012\/06\/physioapp.png\" alt=\"\" width=\"326\" height=\"37\" srcset=\"https:\/\/www.manuelabergamin.ch\/wp-content\/uploads\/2012\/06\/physioapp.png 326w, https:\/\/www.manuelabergamin.ch\/wp-content\/uploads\/2012\/06\/physioapp-300x34.png 300w\" sizes=\"auto, (max-width: 326px) 100vw, 326px\" \/><\/a><span style=\"font-family: trebuchet ms,geneva;\"><strong>Quelques pr\u00e9cisions sur les diff\u00e9rentes branches de kin\u00e9siologie et ma pratique\u00a0:<\/strong><\/span><\/p>\n<p style=\"text-align: left;\" align=\"center\"><span style=\"font-family: trebuchet ms,geneva;\">\u00a0Au d\u00e9but de ma pratique j\u2019appliquais une kin\u00e9siologie que je vais nommer \u00ab\u00a0de base\u00a0\u00bb. J\u2019avais naturellement suivi les cours de \u00ab\u00a0Sant\u00e9 par le Toucher\u00a0\u00bb qui nous donnent \u00a0la premi\u00e8re approche du test musculaire en relation avec les 14 m\u00e9ridiens, l\u2019\u00e9tude des 5 \u00e9l\u00e9ments et leur application en tests et corrections ainsi que des techniques de lib\u00e9ration de stress. Les cours de One Brain sont plus orient\u00e9s sur la sph\u00e8re \u00e9motionnelle, le Brain Gym est ax\u00e9 sur comment rep\u00e9rer, tester et corriger les difficult\u00e9s d\u2019apprentissage et enfin le PKP (Professional kinesiology practitioner) teste et propose des corrections \u00e9nerg\u00e9tiques sur un grand nombre de troubles physiologiques, psycho-\u00e9motionnels et \u00e9nerg\u00e9tiques.<\/span><\/p>\n<p style=\"text-align: left;\" align=\"center\"><span style=\"font-family: trebuchet ms,geneva;\">Cependant, apr\u00e8s avoir pratiqu\u00e9 4 ans, il me semblait que quelque chose me manquait encore pour aider de fa\u00e7on plus profonde et durable mes clients en kin\u00e9siologie. J\u2019ai ainsi \u00e9t\u00e9 amen\u00e9e \u00e0 suivre des cours au BIK (Berner Institute f\u00fcr Kinesiology) en octobre 2001, ayant la chance d\u2019avoir un professeur fran\u00e7ais, Jo\u00ebl Pr\u00e9vost, enseignant avec talent et passion cet art qu\u2019est la kin\u00e9siologie en physiologie appliqu\u00e9e (A.P.)<\/span><\/p>\n<p style=\"text-align: left;\" align=\"center\"><span style=\"font-family: trebuchet ms,geneva;\">D\u00e8s la fin du 1<sup>er<\/sup> cours j\u2019ai pu voir les effets de la physiologie appliqu\u00e9e avec mes clients, j\u2019avais enfin trouv\u00e9 ce que je cherchais\u00a0; j&rsquo;ai \u00e9t\u00e9 \u00e9l\u00e8ve externe du BIK et suivi de 2001 \u00e0 2012 \u00a0les cours en A.P et le Practicum avec Jo\u00ebl Pr\u00e9vost\u00a0: il allie avec talent l\u2019osth\u00e9opathie et la kin\u00e9siologie en A.P., nous transmettant de pr\u00e9cieux outils de r\u00e9\u00e9quilibrage physiologiques, \u00e9nerg\u00e9tiques et structurels.<\/span><\/p>\n<p style=\"text-align: left;\" align=\"center\"><span style=\"font-family: trebuchet ms,geneva;\"><strong>Physiologie Appliqu\u00e9e (Applied Physiology-A.P.)<\/strong><\/span><\/p>\n<p style=\"text-align: left;\"><span style=\"font-family: trebuchet ms,geneva;\">Cette branche de la kin\u00e9siologie d\u00e9velopp\u00e9e par <a href=\"http:\/\/www.lakinesiologie.ch\/methodes\/pa.html\"><strong>Richard Utt<\/strong><\/a> pr\u00e9sente une vision holographique de l\u2019\u00eatre humain. Les m\u00e9ridiens sont consid\u00e9r\u00e9s non plus s\u00e9par\u00e9ment mais dans leur interaction l\u2019un par rapport \u00e0 l\u2019autre. On utilise un m\u00e9ridien r\u00e9f\u00e9rent et les interf\u00e9rences apport\u00e9es sur ce m\u00e9ridien par un autre m\u00e9ridien. Cette approche permet de comprendre qu\u2019un m\u00e9ridien peut \u00eatre affect\u00e9 par un autre et la combinaison de ces deux m\u00e9ridiens correspond \u00e0 un point particuli\u00e8rement pr\u00e9cis dans l\u2019espace holographique corporel. La Physiologie Appliqu\u00e9e travaille avec un mod\u00e8le \u00e9nerg\u00e9tique de sept \u00e9l\u00e9ments.<\/span><\/p>\n<p style=\"text-align: left;\"><span style=\"font-family: trebuchet ms,geneva;\">Le mod\u00e8le holographique, ainsi que l\u2019expansion des 5 \u00e9l\u00e9ments en 7 \u00e9l\u00e9ments et l\u2019utilisation d\u2019un test musculaire \u00e0 14 interpr\u00e9tations possibles sont des concepts qui rendent cette m\u00e9thode unique en son genre. Elle est consid\u00e9r\u00e9e comme une synth\u00e8se de la neurophysiologie et de la physiologie \u00e9nerg\u00e9tique.<\/span><\/p>\n<p style=\"text-align: left;\"><span style=\"font-family: trebuchet ms,geneva;\"><strong>\u00a0Lien:<\/strong> International Institute of Applied Kinesiology: <a href=\"http:\/\/AppliedPhysiology.com\/\">www.AppliedPhysiology.com<\/a><\/span><\/p>\n<table style=\"border-collapse: collapse; width: 100%;\">\n<tbody>\n<tr>\n<td style=\"width: 100%;\">\n<h4 style=\"text-align: center;\">Manuela Bergamin \u2022 rue \u00a0du \u00a0Concert \u00a04 \u2022 2000 Neuch\u00e2tel \u2022 078\u00a0 860 20 97 \u2022 <a href=\"mailto:manuela@manuelabergamin.ch\">manuela@manuelabergamin.ch<\/a><\/h4>\n<\/td>\n<\/tr>\n<\/tbody>\n<\/table>\n<p><\/p>\n","protected":false},"excerpt":{"rendered":"<p>Quelques pr\u00e9cisions sur les diff\u00e9rentes branches de kin\u00e9siologie et ma pratique\u00a0: \u00a0Au d\u00e9but de ma pratique j\u2019appliquais une kin\u00e9siologie que je vais nommer \u00ab\u00a0de base\u00a0\u00bb. J\u2019avais naturellement suivi les cours de \u00ab\u00a0Sant\u00e9 par le Toucher\u00a0\u00bb qui nous donnent \u00a0la premi\u00e8re &hellip; <a class=\"more-link\" href=\"https:\/\/www.manuelabergamin.ch\/?page_id=36\">Lire la suite <span class=\"meta-nav\">&rarr;<\/span><\/a><\/p>\n","protected":false},"author":1,"featured_media":0,"parent":0,"menu_order":0,"comment_status":"closed","ping_status":"closed","template":"","meta":{"footnotes":""},"class_list":["post-36","page","type-page","status-publish","hentry"],"_links":{"self":[{"href":"https:\/\/www.manuelabergamin.ch\/index.php?rest_route=\/wp\/v2\/pages\/36","targetHints":{"allow":["GET"]}}],"collection":[{"href":"https:\/\/www.manuelabergamin.ch\/index.php?rest_route=\/wp\/v2\/pages"}],"about":[{"href":"https:\/\/www.manuelabergamin.ch\/index.php?rest_route=\/wp\/v2\/types\/page"}],"author":[{"embeddable":true,"href":"https:\/\/www.manuelabergamin.ch\/index.php?rest_route=\/wp\/v2\/users\/1"}],"replies":[{"embeddable":true,"href":"https:\/\/www.manuelabergamin.ch\/index.php?rest_route=%2Fwp%2Fv2%2Fcomments&post=36"}],"version-history":[{"count":27,"href":"https:\/\/www.manuelabergamin.ch\/index.php?rest_route=\/wp\/v2\/pages\/36\/revisions"}],"predecessor-version":[{"id":880,"href":"https:\/\/www.manuelabergamin.ch\/index.php?rest_route=\/wp\/v2\/pages\/36\/revisions\/880"}],"wp:attachment":[{"href":"https:\/\/www.manuelabergamin.ch\/index.php?rest_route=%2Fwp%2Fv2%2Fmedia&parent=36"}],"curies":[{"name":"wp","href":"https:\/\/api.w.org\/{rel}","templated":true}]}}