{"id":73,"date":"2012-06-13T07:57:51","date_gmt":"2012-06-13T07:57:51","guid":{"rendered":"http:\/\/www.manuelabergamin.ch\/?page_id=73"},"modified":"2026-05-05T18:01:21","modified_gmt":"2026-05-05T16:01:21","slug":"huiles-essentielles","status":"publish","type":"page","link":"https:\/\/www.manuelabergamin.ch\/?page_id=73","title":{"rendered":"Massages aux huiles essentielles"},"content":{"rendered":"<p><strong><a href=\"https:\/\/www.manuelabergamin.ch\/wp-content\/uploads\/2012\/06\/huileessent.png\"><img loading=\"lazy\" decoding=\"async\" class=\"aligncenter size-full wp-image-250\" title=\"huileessent\" src=\"https:\/\/www.manuelabergamin.ch\/wp-content\/uploads\/2012\/06\/huileessent.png\" alt=\"\" width=\"535\" height=\"38\" srcset=\"https:\/\/www.manuelabergamin.ch\/wp-content\/uploads\/2012\/06\/huileessent.png 535w, https:\/\/www.manuelabergamin.ch\/wp-content\/uploads\/2012\/06\/huileessent-300x21.png 300w, https:\/\/www.manuelabergamin.ch\/wp-content\/uploads\/2012\/06\/huileessent-500x35.png 500w\" sizes=\"auto, (max-width: 535px) 100vw, 535px\" \/><\/a><\/strong><span style=\"font-family: trebuchet ms,geneva;\">Ils procurent une d\u00e9tente remarquable favorisant \u00e9quilibre, sant\u00e9 et joie de vivre. Doux ou toniques selon votre besoin, et en tous les cas enveloppants et profond\u00e9ment relaxants, ils aident \u00e0 d\u00e9nouer les tensions physiques et \u00e9motionnelles accumul\u00e9es au fil du temps. Des troubles tels que la difficult\u00e9 \u00e0 accepter son corps, se sentir d\u00e9connect\u00e9-e, douleurs musculaires, probl\u00e8mes de circulation, de digestion, <\/span><span style=\"font-family: trebuchet ms,geneva;\">surpoids, blocages\u00a0 et douleurs articulaires, insomnies et maux de t\u00eate peuvent \u00eatre apais\u00e9s.<\/span><br \/>\n<span style=\"font-family: trebuchet ms,geneva;\"> Les huiles essentielles, choisies soigneusement pour en faire un m\u00e9lange personnalis\u00e9 accentuent l\u2019effet du massage.<\/span><\/p>\n<p style=\"text-align: center;\"><span style=\"font-family: trebuchet ms,geneva;\"><strong>Un rendez-vous de douceur et de r\u00e9g\u00e9n\u00e9ration<\/strong><\/span><\/p>\n<p><a href=\"https:\/\/www.manuelabergamin.ch\/wp-content\/uploads\/2020\/12\/lys-rouge-blanc.jpg\"><img loading=\"lazy\" decoding=\"async\" class=\"aligncenter size-full wp-image-805\" src=\"https:\/\/www.manuelabergamin.ch\/wp-content\/uploads\/2020\/12\/lys-rouge-blanc.jpg\" alt=\"\" width=\"240\" height=\"320\" srcset=\"https:\/\/www.manuelabergamin.ch\/wp-content\/uploads\/2020\/12\/lys-rouge-blanc.jpg 240w, https:\/\/www.manuelabergamin.ch\/wp-content\/uploads\/2020\/12\/lys-rouge-blanc-225x300.jpg 225w\" sizes=\"auto, (max-width: 240px) 100vw, 240px\" \/><\/a><\/p>\n<table style=\"border-collapse: collapse; width: 100%;\">\n<tbody>\n<tr>\n<td style=\"width: 100%;\">\n<h4 style=\"text-align: center;\">Manuela Bergamin \u2022 Rue Auguste Bachelin 37 \u2022 2000 Neuch\u00e2tel \u2022 078\u00a0 860 20 97 \u2022 <a href=\"mailto:manuela@manuelabergamin.ch\">manuela@manuelabergamin.ch<\/a><\/h4>\n<\/td>\n<\/tr>\n<\/tbody>\n<\/table>\n<p><\/p>\n","protected":false},"excerpt":{"rendered":"<p>Ils procurent une d\u00e9tente remarquable favorisant \u00e9quilibre, sant\u00e9 et joie de vivre. Doux ou toniques selon votre besoin, et en tous les cas enveloppants et profond\u00e9ment relaxants, ils aident \u00e0 d\u00e9nouer les tensions physiques et \u00e9motionnelles accumul\u00e9es au fil du &hellip; <a class=\"more-link\" href=\"https:\/\/www.manuelabergamin.ch\/?page_id=73\">Lire la suite <span class=\"meta-nav\">&rarr;<\/span><\/a><\/p>\n","protected":false},"author":1,"featured_media":0,"parent":0,"menu_order":0,"comment_status":"closed","ping_status":"closed","template":"","meta":{"footnotes":""},"class_list":["post-73","page","type-page","status-publish","hentry"],"_links":{"self":[{"href":"https:\/\/www.manuelabergamin.ch\/index.php?rest_route=\/wp\/v2\/pages\/73","targetHints":{"allow":["GET"]}}],"collection":[{"href":"https:\/\/www.manuelabergamin.ch\/index.php?rest_route=\/wp\/v2\/pages"}],"about":[{"href":"https:\/\/www.manuelabergamin.ch\/index.php?rest_route=\/wp\/v2\/types\/page"}],"author":[{"embeddable":true,"href":"https:\/\/www.manuelabergamin.ch\/index.php?rest_route=\/wp\/v2\/users\/1"}],"replies":[{"embeddable":true,"href":"https:\/\/www.manuelabergamin.ch\/index.php?rest_route=%2Fwp%2Fv2%2Fcomments&post=73"}],"version-history":[{"count":23,"href":"https:\/\/www.manuelabergamin.ch\/index.php?rest_route=\/wp\/v2\/pages\/73\/revisions"}],"predecessor-version":[{"id":1013,"href":"https:\/\/www.manuelabergamin.ch\/index.php?rest_route=\/wp\/v2\/pages\/73\/revisions\/1013"}],"wp:attachment":[{"href":"https:\/\/www.manuelabergamin.ch\/index.php?rest_route=%2Fwp%2Fv2%2Fmedia&parent=73"}],"curies":[{"name":"wp","href":"https:\/\/api.w.org\/{rel}","templated":true}]}}